{"id":32,"date":"2025-01-31T08:17:17","date_gmt":"2025-01-31T14:17:17","guid":{"rendered":"https:\/\/eu.setorreciclagem.com.br\/?page_id=32"},"modified":"2025-03-13T17:17:42","modified_gmt":"2025-03-13T22:17:42","slug":"about-us","status":"publish","type":"page","link":"https:\/\/eu.setorreciclagem.com.br\/pt\/about-us\/","title":{"rendered":"Sobre n\u00f3s"},"content":{"rendered":"<p>Bem-vindo ao Eu Setor!<\/p>\n\n\n\n<p>No Eu Setor acreditamos que a beleza est\u00e1 nas pequenas coisas e na simplicidade do dia a dia. Nossa plataforma nasceu da paix\u00e3o por explorar o mundo da arte e da sustentabilidade, trazendo dicas e inspira\u00e7\u00f5es para que todos descubram e valorizem sua pr\u00f3pria ess\u00eancia criativa.<\/p>\n\n\n\n<h3 class=\"wp-block-heading\">A nossa miss\u00e3o<\/h3>\n\n\n\n<p>A nossa miss\u00e3o \u00e9 partilhar conhecimentos e tend\u00eancias sobre arte sustent\u00e1vel, criatividade e reciclagem. O nosso objetivo \u00e9 capacitar indiv\u00edduos de todas as idades, ajudando-os a encontrar confian\u00e7a e equil\u00edbrio atrav\u00e9s de pr\u00e1ticas art\u00edsticas amigas do ambiente, valorizando sempre a naturalidade e a autenticidade.<\/p>\n\n\n\n<h3 class=\"wp-block-heading\">O que fazemos<\/h3>\n\n\n\n<p>Aqui no Eu Setor, oferecemos conte\u00fado diversificado que inclui projetos de arte de reciclagem DIY, t\u00e9cnicas de arte sustent\u00e1vel, atualiza\u00e7\u00f5es no mundo da eco-arte e muito mais. Cada artigo foi concebido para ser \u00fatil, pr\u00e1tico e inspirador, concentrando-se em melhorar a sua express\u00e3o art\u00edstica \u00fanica enquanto promove a responsabilidade ambiental.<\/p>\n\n\n\n<h3 class=\"wp-block-heading\">A nossa vis\u00e3o<\/h3>\n\n\n\n<p>Acreditamos que a arte vai para al\u00e9m da est\u00e9tica - est\u00e1 na forma como criamos, nos percepcionamos e nos ligamos ao mundo que nos rodeia. A nossa vis\u00e3o \u00e9 criar um espa\u00e7o onde artistas e indiv\u00edduos com consci\u00eancia ambiental possam aprender, inspirar-se e sentir-se mais confiantes para enfrentar os desafios do dia a dia com criatividade e sustentabilidade.<\/p>\n\n\n\n<h3 class=\"wp-block-heading\">Junte-se a n\u00f3s<\/h3>\n\n\n\n<p>Convidamos voc\u00ea a explorar nossa plataforma, descobrir novas dicas de arte sustent\u00e1vel e abra\u00e7ar a simplicidade como um caminho para a express\u00e3o art\u00edstica. Se voc\u00ea est\u00e1 procurando aprender uma nova t\u00e9cnica de arte de reciclagem, descobrir produtos ecol\u00f3gicos ou simplesmente se inspirar, o Eu Setor \u00e9 o lugar certo para voc\u00ea.<\/p>\n\n\n\n<p>Descubra a arte da sustentabilidade na simplicidade das coisas!<\/p>\n\n\n\n<hr class=\"wp-block-separator has-alpha-channel-opacity\"\/>\n\n\n\n<p><strong>Informa\u00e7\u00f5es de contacto<\/strong><\/p>\n\n\n\n<p>Se tiver alguma d\u00favida ou quiser entrar em contacto connosco, n\u00e3o hesite em contactar-nos atrav\u00e9s de <a href=\"mailto:contato@setorreciclagem.com.br\" data-type=\"mailto\" data-id=\"mailto:contato@setorreciclagem.com.br\">contato@setorreciclagem.com.br<\/a>.<\/p>\n\n\n\n<p><strong>\u00daltima atualiza\u00e7\u00e3o:<\/strong> 19 de novembro de 2024<\/p>","protected":false},"excerpt":{"rendered":"<p>Welcome to Eu Setor! At Eu Setor we believe that beauty lies in the small things and the simplicity of everyday life. Our platform was born from a passion for exploring the world of art and sustainability, bringing tips and inspirations for everyone to discover and value their own creative essence. Our Mission Our mission [&hellip;]<\/p>\n","protected":false},"author":1,"featured_media":172,"parent":0,"menu_order":0,"comment_status":"closed","ping_status":"closed","template":"","meta":{"footnotes":""},"class_list":["post-32","page","type-page","status-publish","has-post-thumbnail","hentry"],"blocksy_meta":[],"_links":{"self":[{"href":"https:\/\/eu.setorreciclagem.com.br\/pt\/wp-json\/wp\/v2\/pages\/32","targetHints":{"allow":["GET"]}}],"collection":[{"href":"https:\/\/eu.setorreciclagem.com.br\/pt\/wp-json\/wp\/v2\/pages"}],"about":[{"href":"https:\/\/eu.setorreciclagem.com.br\/pt\/wp-json\/wp\/v2\/types\/page"}],"author":[{"embeddable":true,"href":"https:\/\/eu.setorreciclagem.com.br\/pt\/wp-json\/wp\/v2\/users\/1"}],"replies":[{"embeddable":true,"href":"https:\/\/eu.setorreciclagem.com.br\/pt\/wp-json\/wp\/v2\/comments?post=32"}],"version-history":[{"count":4,"href":"https:\/\/eu.setorreciclagem.com.br\/pt\/wp-json\/wp\/v2\/pages\/32\/revisions"}],"predecessor-version":[{"id":199,"href":"https:\/\/eu.setorreciclagem.com.br\/pt\/wp-json\/wp\/v2\/pages\/32\/revisions\/199"}],"wp:featuredmedia":[{"embeddable":true,"href":"https:\/\/eu.setorreciclagem.com.br\/pt\/wp-json\/wp\/v2\/media\/172"}],"wp:attachment":[{"href":"https:\/\/eu.setorreciclagem.com.br\/pt\/wp-json\/wp\/v2\/media?parent=32"}],"curies":[{"name":"wp","href":"https:\/\/api.w.org\/{rel}","templated":true}]}}