{"id":30,"date":"2025-01-31T08:02:13","date_gmt":"2025-01-31T14:02:13","guid":{"rendered":"https:\/\/eu.setorreciclagem.com.br\/?page_id=30"},"modified":"2025-03-12T12:01:07","modified_gmt":"2025-03-12T17:01:07","slug":"cookie-policy","status":"publish","type":"page","link":"https:\/\/eu.setorreciclagem.com.br\/pt\/cookie-policy\/","title":{"rendered":"Pol\u00edtica de cookies"},"content":{"rendered":"<div class=\"cookie-policy\">\n    \n    <p>Bem-vindo ao <strong>Eu Setor<\/strong>! Esta pol\u00edtica de cookies descreve como <strong>Eu Setor<\/strong> (\"n\u00f3s\", \"nosso\" ou \"nos\") utiliza cookies e tecnologias semelhantes no s\u00edtio Web <a href=\"https:\/\/eu.setorreciclagem.com.br\/pt\/\">eu.setorreciclagem.com.br<\/a> (doravante denominado \"Site\"). Estamos comprometidos em proteger a sua privacidade e garantir a transpar\u00eancia sobre o uso de cookies, em conformidade com a Lei Geral de Prote\u00e7\u00e3o de Dados (LGPD - Lei n\u00ba 13.709\/2018).<\/p>\n    \n    <h2>1. O que s\u00e3o cookies<\/h2>\n    <p>Os cookies s\u00e3o pequenos ficheiros de texto que s\u00e3o armazenados no seu dispositivo (computador, tablet, smartphone) quando visita um s\u00edtio Web. S\u00e3o amplamente utilizados para fazer com que os s\u00edtios Web funcionem de forma mais eficiente, bem como para fornecer informa\u00e7\u00f5es aos propriet\u00e1rios dos s\u00edtios.<\/p>\n    \n    <h2>2. Como utilizamos os cookies<\/h2>\n    <p>Utilizamos cookies para v\u00e1rios fins, incluindo:<\/p>\n    <ul>\n        <li><strong>Autentica\u00e7\u00e3o e seguran\u00e7a<\/strong>: Garantir que o utilizador tem acesso seguro ao S\u00edtio e \u00e0s suas funcionalidades.<\/li>\n        <li><strong>An\u00e1lise e melhoria<\/strong>: Compreender como os utilizadores interagem com o S\u00edtio para melhorar a sua usabilidade e conte\u00fado.<\/li>\n        <li><strong>Personaliza\u00e7\u00e3o<\/strong>: Adapta\u00e7\u00e3o de conte\u00fados e ofertas de acordo com as prefer\u00eancias e comportamentos de navega\u00e7\u00e3o do utilizador.<\/li>\n        <li><strong>Publicidade<\/strong>: Apresentar an\u00fancios relevantes e personalizados, bem como medir a efic\u00e1cia das campanhas publicit\u00e1rias.<\/li>\n    <\/ul>\n    \n    <h2>3. Tipos de cookies utilizados<\/h2>\n    \n    <h3>3.1 Cookies essenciais<\/h3>\n    <p>Estes cookies s\u00e3o necess\u00e1rios para o funcionamento b\u00e1sico do s\u00edtio. Permitem-lhe navegar no S\u00edtio e utilizar as suas funcionalidades, como o acesso a \u00e1reas seguras. Sem estes cookies, alguns servi\u00e7os oferecidos no s\u00edtio n\u00e3o podem ser prestados.<\/p>\n    <strong>Exemplos de utiliza\u00e7\u00e3o:<\/strong>\n    <ul>\n        <li>Manter a sua sess\u00e3o de in\u00edcio de sess\u00e3o ativa.<\/li>\n        <li>Recordar as suas prefer\u00eancias lingu\u00edsticas.<\/li>\n    <\/ul>\n    \n    <h3>3.2 Cookies de desempenho<\/h3>\n    <p>Os cookies de desempenho recolhem informa\u00e7\u00f5es sobre a forma como o utilizador utiliza o S\u00edtio, tais como as p\u00e1ginas que visita mais frequentemente e se recebe mensagens de erro de p\u00e1ginas Web. Estes cookies n\u00e3o recolhem informa\u00e7\u00f5es que identifiquem um visitante. Todas as informa\u00e7\u00f5es recolhidas por estes cookies s\u00e3o agregadas e, por conseguinte, an\u00f3nimas. S\u00e3o utilizadas exclusivamente para melhorar o funcionamento do s\u00edtio.<\/p>\n    <strong>Exemplos de utiliza\u00e7\u00e3o:<\/strong>\n    <ul>\n        <li>Analisar o tr\u00e1fego do site.<\/li>\n        <li>Identificar as \u00e1reas do s\u00edtio que necessitam de melhorias.<\/li>\n    <\/ul>\n    \n    <h3>3.3 Cookies de funcionalidade<\/h3>\n    <p>Estes cookies permitem que o Site se lembre das escolhas que o utilizador faz (como o nome de utilizador, o idioma ou a regi\u00e3o em que se encontra) e fornece funcionalidades melhoradas e mais personalizadas. Estas informa\u00e7\u00f5es podem ser utilizadas para recordar as prefer\u00eancias do utilizador em futuras visitas ao Site.<\/p>\n    <strong>Exemplos de utiliza\u00e7\u00e3o:<\/strong>\n    <ul>\n        <li>Guardar as suas prefer\u00eancias de visualiza\u00e7\u00e3o.<\/li>\n        <li>Personalizar o conte\u00fado apresentado com base nas suas escolhas anteriores.<\/li>\n    <\/ul>\n    \n    <h3>3.4 Cookies de publicidade<\/h3>\n    <p>Os cookies de publicidade s\u00e3o utilizados para apresentar an\u00fancios mais relevantes para o utilizador e para os seus interesses. S\u00e3o tamb\u00e9m utilizados para limitar o n\u00famero de vezes que o utilizador v\u00ea um an\u00fancio e para ajudar a medir a efic\u00e1cia das campanhas publicit\u00e1rias.<\/p>\n    <strong>Exemplos de utiliza\u00e7\u00e3o:<\/strong>\n    <ul>\n        <li>Apresentar an\u00fancios com base nos seus interesses.<\/li>\n        <li>Controlar a frequ\u00eancia com que um an\u00fancio espec\u00edfico \u00e9 apresentado ao utilizador.<\/li>\n    <\/ul>\n    \n    <h2>4. Como utilizamos os cookies<\/h2>\n    <ul>\n        <li><strong>Autentica\u00e7\u00e3o e seguran\u00e7a<\/strong>: Garantir que o utilizador tem acesso seguro ao S\u00edtio e \u00e0s suas funcionalidades.<\/li>\n        <li><strong>An\u00e1lise e melhoria<\/strong>: Compreender como os utilizadores interagem com o S\u00edtio para melhorar a sua usabilidade e conte\u00fado.<\/li>\n        <li><strong>Personaliza\u00e7\u00e3o<\/strong>: Adapta\u00e7\u00e3o de conte\u00fados e ofertas de acordo com as prefer\u00eancias e comportamentos de navega\u00e7\u00e3o do utilizador.<\/li>\n        <li><strong>Publicidade<\/strong>: Apresentar an\u00fancios relevantes e personalizados, bem como medir a efic\u00e1cia das campanhas publicit\u00e1rias.<\/li>\n    <\/ul>\n    \n    <h2>5. Gerir os cookies<\/h2>\n    <p>Os utilizadores t\u00eam a liberdade de bloquear ou desativar os cookies de qualquer s\u00edtio Web, incluindo o nosso, em qualquer altura, ajustando as defini\u00e7\u00f5es do seu navegador da Internet.<\/p>\n    \n    <h3>5.1 Como bloquear cookies<\/h3>\n    <p>Seguem-se as liga\u00e7\u00f5es para os guias de ajuda dos principais navegadores, que o podem ajudar neste procedimento:<\/p>\n    <ul>\n        <li><strong><a href=\"https:\/\/support.microsoft.com\/en-us\/microsoft-edge\/delete-cookies-in-microsoft-edge-63947406-40ac-c3b8-57b9-2a946a29ae09\" target=\"_blank\" rel=\"noopener\">Microsoft Edge<\/a><\/strong><\/li>\n        <li><strong><a href=\"https:\/\/support.mozilla.org\/en-US\/kb\/enable-and-disable-cookies-website-preferences\" target=\"_blank\" rel=\"noopener\">Mozilla Firefox<\/a><\/strong><\/li>\n        <li><strong><a href=\"https:\/\/support.google.com\/chrome\/answer\/95647?hl=en\" target=\"_blank\" rel=\"noopener\">Google Chrome<\/a><\/strong><\/li>\n        <li><strong><a href=\"https:\/\/help.opera.com\/en\/latest\/web-preferences\/#cookies\" target=\"_blank\" rel=\"noopener\">\u00d3pera<\/a><\/strong><\/li>\n        <li><strong><a href=\"https:\/\/support.apple.com\/guide\/safari\/manage-cookies-and-website-data-sfri11471\/mac\" target=\"_blank\" rel=\"noopener\">Safari<\/a><\/strong><\/li>\n    <\/ul>\n    \n    <h3>5.2 Desativar a publicidade personalizada<\/h3>\n    <p>Se pretender desativar os an\u00fancios personalizados fornecidos pelo Google, pode alterar as suas defini\u00e7\u00f5es na <a href=\"https:\/\/adssettings.google.com\/authenticated\" target=\"_blank\" rel=\"noopener\">Defini\u00e7\u00f5es do Google Ads<\/a>.<\/p>\n    <p>Para desativar a publicidade personalizada de terceiros, visite <a href=\"https:\/\/www.aboutads.info\" target=\"_blank\" rel=\"noopener\">www.aboutads.info<\/a>onde encontrar\u00e1 orienta\u00e7\u00f5es sobre como gerir as suas prefer\u00eancias de an\u00fancios em diferentes plataformas.<\/p>\n    \n    <strong>Passos para desativar an\u00fancios personalizados:<\/strong>\n    <ol>\n        <li><strong>No Google:<\/strong>\n            <ul>\n                <li>Ir para <a href=\"https:\/\/adssettings.google.com\/authenticated\" target=\"_blank\" rel=\"noopener\">Defini\u00e7\u00f5es do Google Ads<\/a>.<\/li>\n                <li>Desativar a op\u00e7\u00e3o \"Personaliza\u00e7\u00e3o de an\u00fancios\".<\/li>\n            <\/ul>\n        <\/li>\n        <li><strong>Com terceiros:<\/strong>\n            <ul>\n                <li>Visitar <a href=\"https:\/\/www.aboutads.info\" target=\"_blank\" rel=\"noopener\">www.aboutads.info<\/a>.<\/li>\n                <li>Siga as instru\u00e7\u00f5es para gerir as suas prefer\u00eancias de an\u00fancios em v\u00e1rias plataformas e dispositivos.<\/li>\n            <\/ul>\n        <\/li>\n    <\/ol>\n    \n    <h2>6. Consentimento<\/h2>\n    <p>Ao utilizar o nosso S\u00edtio, o utilizador concorda com a utiliza\u00e7\u00e3o de cookies conforme descrito na presente Pol\u00edtica de Cookies. Se o utilizador n\u00e3o concordar com a utiliza\u00e7\u00e3o de determinados tipos de cookies, pode ajustar as suas defini\u00e7\u00f5es de cookies de acordo com as instru\u00e7\u00f5es fornecidas acima. No entanto, tenha em aten\u00e7\u00e3o que a desativa\u00e7\u00e3o de alguns cookies pode afetar a sua experi\u00eancia no S\u00edtio e limitar o acesso a determinadas funcionalidades.<\/p>\n    \n    <h2>7. Actualiza\u00e7\u00f5es da pol\u00edtica de cookies<\/h2>\n    <p>Podemos atualizar esta Pol\u00edtica de Cookies periodicamente para refletir altera\u00e7\u00f5es nas nossas pr\u00e1ticas ou por motivos legais. Quando efectuarmos altera\u00e7\u00f5es, actualizaremos a data da \"\u00daltima atualiza\u00e7\u00e3o\" no final desta pol\u00edtica e publicaremos a vers\u00e3o revista no Site. Recomendamos que reveja esta Pol\u00edtica de Cookies periodicamente para se manter informado sobre a forma como utilizamos os cookies.<\/p>\n    \n    <h2>8. Servi\u00e7os de terceiros<\/h2>\n    <p>Podemos usar servi\u00e7os de terceiros para fornecer funcionalidades adicionais ao Site, como processamento de pagamentos, an\u00e1lise de dados e hospedagem de conte\u00fado. Esses terceiros podem ter acesso \u00e0s suas informa\u00e7\u00f5es pessoais apenas para realizar essas tarefas em nosso nome e s\u00e3o obrigados a proteger essas informa\u00e7\u00f5es de acordo com esta Pol\u00edtica de Privacidade e a LGPD.<\/p>\n    \n    <h2>9. Privacidade das crian\u00e7as<\/h2>\n    <p>O nosso S\u00edtio n\u00e3o se destina a crian\u00e7as com idade inferior a 18 anos. N\u00e3o recolhemos intencionalmente informa\u00e7\u00f5es pessoais de crian\u00e7as. Se tivermos conhecimento de que recolhemos inadvertidamente informa\u00e7\u00f5es pessoais de uma crian\u00e7a, tomaremos medidas para eliminar imediatamente essas informa\u00e7\u00f5es.<\/p>\n    \n    <h2>10. Contacto<\/h2>\n    <p>Se tiver alguma d\u00favida sobre esta Pol\u00edtica de Cookies, contacte-nos por correio eletr\u00f3nico para <a href=\"mailto:contato@setorreciclagem.br\">contato@setorreciclagem.com.br<\/a>.<\/p>\n    \n    <hr>\n    \n    <p class=\"last-updated\">\u00daltima atualiza\u00e7\u00e3o: 19 de novembro de 2024<\/p>\n<\/div>\n\n\n\n<p><\/p>","protected":false},"excerpt":{"rendered":"<p>Welcome to Eu Setor! This Cookie Policy describes how Eu Setor (&#8220;we&#8221;, &#8220;our&#8221;, or &#8220;us&#8221;) uses cookies and similar technologies on the website eu.setorreciclagem.com.br (hereinafter referred to as the &#8220;Site&#8221;). We are committed to protecting your privacy and ensuring transparency about the use of cookies, in accordance with the General Data Protection Law (LGPD &#8211; [&hellip;]<\/p>\n","protected":false},"author":1,"featured_media":172,"parent":0,"menu_order":0,"comment_status":"closed","ping_status":"closed","template":"","meta":{"footnotes":""},"class_list":["post-30","page","type-page","status-publish","has-post-thumbnail","hentry"],"blocksy_meta":[],"_links":{"self":[{"href":"https:\/\/eu.setorreciclagem.com.br\/pt\/wp-json\/wp\/v2\/pages\/30","targetHints":{"allow":["GET"]}}],"collection":[{"href":"https:\/\/eu.setorreciclagem.com.br\/pt\/wp-json\/wp\/v2\/pages"}],"about":[{"href":"https:\/\/eu.setorreciclagem.com.br\/pt\/wp-json\/wp\/v2\/types\/page"}],"author":[{"embeddable":true,"href":"https:\/\/eu.setorreciclagem.com.br\/pt\/wp-json\/wp\/v2\/users\/1"}],"replies":[{"embeddable":true,"href":"https:\/\/eu.setorreciclagem.com.br\/pt\/wp-json\/wp\/v2\/comments?post=30"}],"version-history":[{"count":3,"href":"https:\/\/eu.setorreciclagem.com.br\/pt\/wp-json\/wp\/v2\/pages\/30\/revisions"}],"predecessor-version":[{"id":187,"href":"https:\/\/eu.setorreciclagem.com.br\/pt\/wp-json\/wp\/v2\/pages\/30\/revisions\/187"}],"wp:featuredmedia":[{"embeddable":true,"href":"https:\/\/eu.setorreciclagem.com.br\/pt\/wp-json\/wp\/v2\/media\/172"}],"wp:attachment":[{"href":"https:\/\/eu.setorreciclagem.com.br\/pt\/wp-json\/wp\/v2\/media?parent=30"}],"curies":[{"name":"wp","href":"https:\/\/api.w.org\/{rel}","templated":true}]}}